{"id":14115,"date":"2024-09-01T14:27:11","date_gmt":"2024-09-01T11:27:11","guid":{"rendered":"https:\/\/limu.xside.ee\/terms-of-use\/"},"modified":"2024-11-07T07:27:13","modified_gmt":"2024-11-07T04:27:13","slug":"terms-of-use","status":"publish","type":"page","link":"https:\/\/limu.xside.ee\/fi\/terms-of-use\/","title":{"rendered":"Sopimuksen ehdot"},"content":{"rendered":"\t\t<div data-elementor-type=\"wp-page\" data-elementor-id=\"14115\" class=\"elementor elementor-14115 elementor-11204\">\n\t\t\t\t<div class=\"elementor-element elementor-element-eb50b7e e-flex e-con-boxed e-con e-parent\" data-id=\"eb50b7e\" data-element_type=\"container\">\n\t\t\t\t\t<div class=\"e-con-inner\">\n\t\t\t\t<div class=\"elementor-element elementor-element-b64fe93 elementor-widget elementor-widget-text-editor\" data-id=\"b64fe93\" data-element_type=\"widget\" data-widget_type=\"text-editor.default\">\n\t\t\t\t<div class=\"elementor-widget-container\">\n\t\t\t\t\t\t\t<p class=\"p1\"><b>Limusiinin ja kaupallisten ajoneuvojen k\u00e4ytt\u00f6ohjeet:<\/b><\/p><ul><li><span lang=\"fi-FI\">Varaus katsotaan vahvistetuksi ennakkomaksun saamisen j\u00e4lkeen. Ennakkomaksu suoritetaan pankkisiirtona tai k\u00e4teisill\u00e4. Mik\u00e4li varaus peruutetaan my\u00f6hemmin kuin 24 tuntia ennen tilausta, ennakkomaksua ei palauteta. Ennen matkan alkua on maksettava koko summa.<\/span><\/li><li><span lang=\"fi-FI\">Tilaaja on aineellisessa vastuussa autolle aiheuttamastaan vahingosta. Mik\u00e4li auton kyyti vahingoittuu, tilaaja korvaa vahingoittamansa esineen hinnan (nojatuolin, laitteiston, lasin 20 euroa \/ 1 kpl.).<\/span><\/li><li><span lang=\"fi-FI\">Mik\u00e4li limusiinin tai kaupallisen ajoneuvon sisustus on kovasti likaantunut, tilaaja maksaa sakon, joka vastaa kemiallisen pesun hintaa 200 euroa. Ennen matkalle l\u00e4ht\u00f6\u00e4 asiakkaalla on oikeus tarkistaa kyydin siisteytt\u00e4.<\/span><\/li><li><span lang=\"fi-FI\">Ennen kuin l\u00e4hdet\u00e4\u00e4n matkalle limusiinilla, sovitaan tilauksen reitist\u00e4 ja pituudesta (ajasta), kunkin alkaneen tunnin 15 lis\u00e4minuutista perit\u00e4\u00e4n t\u00e4ytt\u00e4 tuntia vastaava maksu 120 euroa.<\/span><\/li><li><span lang=\"fi-FI\">Lasit saa ottaa ulos limusiinista vain kuljettajan suostumuksella.<\/span><\/li><li><p lang=\"fi-FI\">Limusiinin tai kaupallisen ajoneuvon kuljettajalla on oikeus keskeytt\u00e4\u00e4 matka aikaisemmin, jos asiakkaat ovat kovassa humalassa.<\/p><\/li><li><span lang=\"fi-FI\">Limusiini, jossa on matkustajia, saa ajaa kaupungilla nopeutta enint\u00e4\u00e4n 40 km\/h, valtatiell\u00e4 enint\u00e4\u00e4n 65 km\/h<\/span><\/li><li><span lang=\"fi-FI\">Jokainen auto voi joutua kolariin tai menn\u00e4 rikki matkalla. T\u00e4ss\u00e4 tapauksessa maksu k\u00e4ytt\u00e4m\u00e4tt\u00e4 j\u00e4\u00e4nest\u00e4 ajasta palautetaan tilaajalle.<\/span><\/li><\/ul><p><span lang=\"fi-FI\">H\u00e4\u00e4paketit:<\/span><\/p><p><span lang=\"fi-FI\">NB! Kun kyseess\u00e4 on h\u00e4\u00e4paketit, limusiineja ei varata ilman 100 % ennakkomaksua!<\/span><\/p><p><span lang=\"fi-FI\">Meid\u00e4n autoissamme ei saa:<\/span><\/p><ul><li><span lang=\"fi-FI\">Tupakoida kyydiss\u00e4.<\/span><\/li><li><span lang=\"fi-FI\">K\u00e4ytt\u00e4\u00e4 avointa tulta automme sis\u00e4ll\u00e4 tai l\u00e4heisyydess\u00e4.<\/span><\/li><li><span lang=\"fi-FI\">K\u00e4ytt\u00e4\u00e4\u00e4 p\u00e4ihteit\u00e4.<\/span><\/li><li><span lang=\"fi-FI\">Suihkuttaa salongissa hiuslakkaa, hajuvett\u00e4, deodoranttia ja muita haihtuvia aineita, joilla on omaper\u00e4ist\u00e4 tuoksua.<\/span><\/li><li><span lang=\"fi-FI\">J\u00e4tt\u00e4\u00e4 autoon huomiotta alle 12-vuotiaita lapsia.<\/span><\/li><li><span lang=\"fi-FI\">Auton ajaessa ty\u00f6nt\u00e4\u00e4 p\u00e4\u00e4t\u00e4, jalkoja tai muita ruumiinosia ikkunaan.<\/span><\/li><li><span lang=\"fi-FI\">Heitt\u00e4\u00e4 ikkunaan roskia tai muita esineit\u00e4 auton ajaessa.<\/span><\/li><li><span lang=\"fi-FI\">Pakottaa kuljettajaa rikkomaan liikennes\u00e4\u00e4nt\u00f6j\u00e4.<\/span><\/li><\/ul><p>NB! Meid\u00e4n yrityksemme ei ole vastuussa kyytiin j\u00e4\u00e4neist\u00e4 matkalaukuista tai henkil\u00f6kohtaisista esineist\u00e4. Kuljettaja toimittaa kuitenkin unohdetut tavarat toimistoon osoitteeseen Rohuneeme tee \u00bc, Viimsi. T\u00e4ss\u00e4 tapauksessa voit tulla meille toimistoon hakeaksesi tavarasi. Jos haluat, ett\u00e4 me toimitamme tavarasi, niin voimme peri\u00e4 t\u00e4st\u00e4 lis\u00e4maksua.<\/p>\t\t\t\t\t\t<\/div>\n\t\t\t\t<\/div>\n\t\t\t\t\t<\/div>\n\t\t\t\t<\/div>\n\t\t\t\t<\/div>\n\t\t","protected":false},"excerpt":{"rendered":"<p>Limusiinin ja kaupallisten ajoneuvojen k\u00e4ytt\u00f6ohjeet: Varaus katsotaan vahvistetuksi ennakkomaksun saamisen j\u00e4lkeen. Ennakkomaksu suoritetaan pankkisiirtona tai k\u00e4teisill\u00e4. Mik\u00e4li varaus peruutetaan my\u00f6hemmin kuin 24 tuntia ennen tilausta, ennakkomaksua ei palauteta. Ennen matkan alkua on maksettava koko summa. Tilaaja on aineellisessa vastuussa autolle aiheuttamastaan vahingosta. Mik\u00e4li auton kyyti vahingoittuu, tilaaja korvaa vahingoittamansa esineen hinnan (nojatuolin, laitteiston, lasin 20 [&hellip;]<\/p>\n","protected":false},"author":1,"featured_media":0,"parent":0,"menu_order":0,"comment_status":"closed","ping_status":"closed","template":"","meta":{"inline_featured_image":false,"footnotes":""},"_links":{"self":[{"href":"https:\/\/limu.xside.ee\/fi\/wp-json\/wp\/v2\/pages\/14115"}],"collection":[{"href":"https:\/\/limu.xside.ee\/fi\/wp-json\/wp\/v2\/pages"}],"about":[{"href":"https:\/\/limu.xside.ee\/fi\/wp-json\/wp\/v2\/types\/page"}],"author":[{"embeddable":true,"href":"https:\/\/limu.xside.ee\/fi\/wp-json\/wp\/v2\/users\/1"}],"replies":[{"embeddable":true,"href":"https:\/\/limu.xside.ee\/fi\/wp-json\/wp\/v2\/comments?post=14115"}],"version-history":[{"count":4,"href":"https:\/\/limu.xside.ee\/fi\/wp-json\/wp\/v2\/pages\/14115\/revisions"}],"predecessor-version":[{"id":14119,"href":"https:\/\/limu.xside.ee\/fi\/wp-json\/wp\/v2\/pages\/14115\/revisions\/14119"}],"wp:attachment":[{"href":"https:\/\/limu.xside.ee\/fi\/wp-json\/wp\/v2\/media?parent=14115"}],"curies":[{"name":"wp","href":"https:\/\/api.w.org\/{rel}","templated":true}]}}