{"id":13639,"date":"2024-06-22T05:15:11","date_gmt":"2024-06-22T02:15:11","guid":{"rendered":"https:\/\/limu.xside.ee\/limuzin-na-svadbu\/"},"modified":"2024-11-15T11:29:04","modified_gmt":"2024-11-15T08:29:04","slug":"limusiin-pulmadeks","status":"publish","type":"page","link":"https:\/\/limu.xside.ee\/et\/limusiin-pulmadeks\/","title":{"rendered":"Limusiin pulmadeks"},"content":{"rendered":"\t\t<div data-elementor-type=\"wp-page\" data-elementor-id=\"13639\" class=\"elementor elementor-13639\">\n\t\t\t\t<div class=\"elementor-element elementor-element-93528cf e-con-full e-flex e-con e-parent\" data-id=\"93528cf\" data-element_type=\"container\" data-settings=\"{&quot;background_background&quot;:&quot;classic&quot;}\">\n\t\t\t\t<div class=\"elementor-element elementor-element-a79e5af elementor-widget elementor-widget-apus_element_revslider\" data-id=\"a79e5af\" data-element_type=\"widget\" data-widget_type=\"apus_element_revslider.default\">\n\t\t\t\t<div class=\"elementor-widget-container\">\n\t\t\t        <div class=\"widget-revslider \">\r\n            \n\t\t\t\t<p class=\"rs-p-wp-fix\"><\/p>\n\t\t\t\t<sr7-module data-alias=\"slider-10-1-11\" data-id=\"9\" id=\"SR7_9_1\" class=\"rs-ov-hidden\" data-version=\"6.7.12\">\n\t\t\t\t\t<sr7-adjuster><\/sr7-adjuster>\n\t\t\t\t\t<sr7-content>\n\t\t\t\t\t\t<sr7-slide id=\"SR7_9_1-29\" data-key=\"29\">\n\t\t\t\t\t\t\t<sr7-bg id=\"SR7_9_1-29-1\" class=\"sr7-layer\"><noscript><img decoding=\"async\" src=\"https:\/\/limu.xside.ee\/wp-content\/uploads\/2024\/07\/sv_II1.jpg\" alt=\"\" title=\"sv_II(1)\"><\/noscript><\/sr7-bg>\n\t\t\t\t\t\t<\/sr7-slide>\n\t\t\t\t\t\t<sr7-slide id=\"SR7_9_1-26\" data-key=\"26\">\n\t\t\t\t\t\t\t<sr7-bg id=\"SR7_9_1-26-1\" class=\"sr7-layer\"><noscript><img decoding=\"async\" src=\"https:\/\/limu.xside.ee\/wp-content\/uploads\/2024\/07\/sv21-scaled.jpg\" alt=\"\" title=\"sv2(1)\"><\/noscript><\/sr7-bg>\n\t\t\t\t\t\t<\/sr7-slide>\n\t\t\t\t\t\t<sr7-slide id=\"SR7_9_1-30\" data-key=\"30\">\n\t\t\t\t\t\t\t<sr7-bg id=\"SR7_9_1-30-1\" class=\"sr7-layer\"><noscript><img decoding=\"async\" src=\"https:\/\/limu.xside.ee\/wp-content\/uploads\/2024\/07\/sv11-scaled.jpg\" alt=\"\" title=\"sv1(1)\"><\/noscript><\/sr7-bg>\n\t\t\t\t\t\t<\/sr7-slide>\n\t\t\t\t\t\t<sr7-slide id=\"SR7_9_1-31\" data-key=\"31\">\n\t\t\t\t\t\t<\/sr7-slide>\n\t\t\t\t\t<\/sr7-content>\n\t\t\t\t\t<image_lists style=\"display:none\">\n\t\t\t\t\t\t<img data-src=\"\/\/limu.xside.ee\/wp-content\/uploads\/2024\/07\/sv21-scaled.jpg\" data-libid=\"9988\" data-lib=\"medialibrary\" title=\"sv2(1)\" width=\"0\" height=\"0\" data-dbsrc=\"Ly9saW11LnhzaWRlLmVlL3dwLWNvbnRlbnQvdXBsb2Fkcy8yMDI0LzA3L3N2MjEtc2NhbGVkLmpwZw==\"\/>\n\t\t\t\t\t\t<img data-src=\"\/\/limu.xside.ee\/wp-content\/uploads\/2024\/07\/sv_II1.jpg\" data-libid=\"9959\" data-lib=\"medialibrary\" title=\"sv_II(1)\" width=\"0\" height=\"0\" data-dbsrc=\"Ly9saW11LnhzaWRlLmVlL3dwLWNvbnRlbnQvdXBsb2Fkcy8yMDI0LzA3L3N2X0lJMS5qcGc=\"\/>\n\t\t\t\t\t\t<img data-src=\"\/\/limu.xside.ee\/wp-content\/uploads\/2024\/07\/sv11-scaled.jpg\" data-libid=\"9985\" data-lib=\"medialibrary\" title=\"sv1(1)\" width=\"0\" height=\"0\" data-dbsrc=\"Ly9saW11LnhzaWRlLmVlL3dwLWNvbnRlbnQvdXBsb2Fkcy8yMDI0LzA3L3N2MTEtc2NhbGVkLmpwZw==\"\/>\n\t\t\t\t\t<\/image_lists>\n\t\t\t\t<\/sr7-module>\n\t\t\t\t<script>\n\t\t\t\t\tSR7.PMH ??={}; SR7.PMH[\"SR7_9_1\"] = {cn:0,state:false,fn: function() { if (_tpt!==undefined && _tpt.prepareModuleHeight !== undefined) {  _tpt.prepareModuleHeight({id:\"SR7_9_1\",el:[680,680,450,350,350],type:'standard',shdw:'0',gh:[680,680,450,350,350],gw:[1400,1400,1024,778,480],vpt:['100px&#039;,&#039;100px&#039;,&#039;100px&#039;,&#039;100px&#039;,&#039;100px'],size:{fullWidth:false, fullHeight:false},mh:'0',onh:0,onw:0,bg:{color:'{\"orig\":\"transparent\",\"type\":\"solid\",\"string\":\"transparent\"}'}});   SR7.PMH[\"SR7_9_1\"].state=true;} else if((SR7.PMH[\"SR7_9_1\"].cn++)<100)\tsetTimeout( SR7.PMH[\"SR7_9_1\"].fn,19);}};SR7.PMH[\"SR7_9_1\" ].fn();\n\t\t\t\t<\/script>\n        <\/div>\r\n        \t\t<\/div>\n\t\t\t\t<\/div>\n\t\t\t\t<\/div>\n\t\t<div class=\"elementor-element elementor-element-31d66838 book-form e-flex e-con-boxed e-con e-parent\" data-id=\"31d66838\" data-element_type=\"container\" data-settings=\"{&quot;background_background&quot;:&quot;classic&quot;}\">\n\t\t\t\t\t<div class=\"e-con-inner\">\n\t\t<div class=\"elementor-element elementor-element-1ea7dad7 e-con-full e-flex e-con e-child\" data-id=\"1ea7dad7\" data-element_type=\"container\">\n\t\t\t\t<\/div>\n\t\t<div class=\"elementor-element elementor-element-5972675b e-con-full slider-cf cf-black e-flex e-con e-child\" data-id=\"5972675b\" data-element_type=\"container\" data-settings=\"{&quot;background_background&quot;:&quot;classic&quot;}\">\n\t\t\t\t<div class=\"elementor-element elementor-element-7610dd9a elementor-widget elementor-widget-shortcode\" data-id=\"7610dd9a\" data-element_type=\"widget\" data-widget_type=\"shortcode.default\">\n\t\t\t\t<div class=\"elementor-widget-container\">\n\t\t\t\t\t<div class=\"elementor-shortcode\">\n<div class=\"wpcf7 no-js\" id=\"wpcf7-f13594-o1\" lang=\"en-US\" dir=\"ltr\">\n<div class=\"screen-reader-response\"><p role=\"status\" aria-live=\"polite\" aria-atomic=\"true\"><\/p> <ul><\/ul><\/div>\n<form action=\"\/et\/wp-json\/wp\/v2\/pages\/13639#wpcf7-f13594-o1\" method=\"post\" class=\"wpcf7-form init\" aria-label=\"Contact form\" novalidate=\"novalidate\" data-status=\"init\">\n<div style=\"display: none;\">\n<input type=\"hidden\" name=\"_wpcf7\" value=\"13594\" \/>\n<input type=\"hidden\" name=\"_wpcf7_version\" value=\"5.9.8\" \/>\n<input type=\"hidden\" name=\"_wpcf7_locale\" value=\"en_US\" \/>\n<input type=\"hidden\" name=\"_wpcf7_unit_tag\" value=\"wpcf7-f13594-o1\" \/>\n<input type=\"hidden\" name=\"_wpcf7_container_post\" value=\"0\" \/>\n<input type=\"hidden\" name=\"_wpcf7_posted_data_hash\" value=\"\" \/>\n<\/div>\n<div class=\"header-cf-hor\">\n\t<div class=\"row\">\n\t\t<div class=\"col-12 col-md-4\">\n\t\t\t<div class=\"form-group\">\n\t\t\t\t<p><label>Autorendi kuup\u00e4ev<\/label><br \/>\n<span class=\"wpcf7-form-control-wrap\" data-name=\"book-date\"><input size=\"40\" maxlength=\"400\" class=\"wpcf7-form-control wpcf7-text wpcf7-validates-as-required walcf7-datepicker form-control\" aria-required=\"true\" aria-invalid=\"false\" placeholder=\"-Valige\" value=\"\" type=\"text\" name=\"book-date\" \/><\/span>\n\t\t\t\t<\/p>\n\t\t\t<\/div>\n\t\t<\/div>\n\t\t<div class=\"col-12 col-md-4\">\n\t\t\t<div class=\"form-group\">\n\t\t\t\t<p><label>Autorendi kellaaeg<\/label><br \/>\n<span class=\"wpcf7-form-control-wrap\" data-name=\"book-time\"><input size=\"40\" maxlength=\"400\" class=\"wpcf7-form-control wpcf7-text wpcf7-validates-as-required walcf7-timepicker form-control\" aria-required=\"true\" aria-invalid=\"false\" placeholder=\"-Valige\" value=\"\" type=\"text\" name=\"book-time\" \/><\/span>\n\t\t\t\t<\/p>\n\t\t\t<\/div>\n\t\t<\/div>\n\t\t<div class=\"col-12 col-md-4\">\n\t\t\t<div class=\"form-group\">\n\t\t\t\t<p><label>Rendiperiood<\/label><br \/>\n<span class=\"wpcf7-form-control-wrap\" data-name=\"hours\"><select class=\"wpcf7-form-control wpcf7-select wpcf7-validates-as-required form-control\" aria-required=\"true\" aria-invalid=\"false\" name=\"hours\"><option value=\"-Valige\">-Valige<\/option><option value=\"1 tund\">1 tund<\/option><option value=\"2 tundi\">2 tundi<\/option><option value=\"3 tundi\">3 tundi<\/option><option value=\"4 tundi\">4 tundi<\/option><option value=\"\u00fcle 4 tunni\">\u00fcle 4 tunni<\/option><\/select><\/span>\n\t\t\t\t<\/p>\n\t\t\t<\/div>\n\t\t<\/div>\n\t<\/div>\n\t<div class=\"row\">\n\t\t<div class=\"col-12 col-md-4\">\n\t\t\t<div class=\"form-group\">\n\t\t\t\t<p><label>Nimi<\/label><br \/>\n<span class=\"wpcf7-form-control-wrap\" data-name=\"your-name\"><input size=\"40\" maxlength=\"400\" class=\"wpcf7-form-control wpcf7-text wpcf7-validates-as-required form-control\" aria-required=\"true\" aria-invalid=\"false\" placeholder=\"\" value=\"\" type=\"text\" name=\"your-name\" \/><\/span>\n\t\t\t\t<\/p>\n\t\t\t<\/div>\n\t\t<\/div>\n\t\t<div class=\"col-12 col-md-4\">\n\t\t\t<div class=\"form-group\">\n\t\t\t\t<p><label>E-post<\/label><br \/>\n<span class=\"wpcf7-form-control-wrap\" data-name=\"your-email\"><input size=\"40\" maxlength=\"400\" class=\"wpcf7-form-control wpcf7-email wpcf7-validates-as-required wpcf7-text wpcf7-validates-as-email form-control\" aria-required=\"true\" aria-invalid=\"false\" placeholder=\"\" value=\"\" type=\"email\" name=\"your-email\" \/><\/span>\n\t\t\t\t<\/p>\n\t\t\t<\/div>\n\t\t<\/div>\n\t\t<div class=\"col-12 col-md-4\">\n\t\t\t<div class=\"form-group\">\n\t\t\t\t<p><label>Telefon<\/label><br \/>\n<span class=\"wpcf7-form-control-wrap\" data-name=\"your-phone\"><input size=\"40\" maxlength=\"400\" class=\"wpcf7-form-control wpcf7-text wpcf7-validates-as-required form-control\" aria-required=\"true\" aria-invalid=\"false\" placeholder=\"\" value=\"\" type=\"text\" name=\"your-phone\" \/><\/span>\n\t\t\t\t<\/p>\n\t\t\t<\/div>\n\t\t<\/div>\n\t<\/div>\n\t<div class=\"row\">\n\t\t<div class=\"col-12 col-md-5\">\n\t\t\t<div class=\"form-group\">\n\t\t\t\t<p><label>S\u00f5iduki kohaletoimetamise aadress<\/label><br \/>\n<span class=\"wpcf7-form-control-wrap\" data-name=\"text-432\"><input size=\"40\" maxlength=\"400\" class=\"wpcf7-form-control wpcf7-text wpcf7-validates-as-required form-control\" aria-required=\"true\" aria-invalid=\"false\" placeholder=\"\" value=\"\" type=\"text\" name=\"text-432\" \/><\/span>\n\t\t\t\t<\/p>\n\t\t\t<\/div>\n\t\t<\/div>\n\t\t<div class=\"col-12 col-md-5\">\n\t\t\t<div class=\"form-group\">\n\t\t\t\t<p><label>S\u00f5iduki valik<\/label><br \/>\n<span class=\"wpcf7-form-control-wrap\" data-name=\"select_car\"><select class=\"wpcf7-form-control wpcf7-select wpcf7-validates-as-required form-control\" aria-required=\"true\" aria-invalid=\"false\" name=\"select_car\"><option value=\"-Valige\">-Valige<\/option><option value=\"Limusiin Chrysler 300c-l kuni 8 istekoha\">Limusiin Chrysler 300c-l kuni 8 istekoha<\/option><option value=\"Kaks Chrysler 300c limusiini kuni 16 reisijale\">Kaks Chrysler 300c limusiini kuni 16 reisijale<\/option><option value=\"Kolm limusiini kuni 24 reisijale\">Kolm limusiini kuni 24 reisijale<\/option><option value=\"Lincoln Navigator limusiin kuni 16 reisijat\">Lincoln Navigator limusiin kuni 16 reisijat<\/option><option value=\"Mercedes S klassi auto kuni 3 reisijat\">Mercedes S klassi auto kuni 3 reisijat<\/option><option value=\"V\u00e4ikebuss Mercedes V klass kuni 6 reisijat\">V\u00e4ikebuss Mercedes V klass kuni 6 reisijat<\/option><option value=\"V\u00e4ikebuss Mercedes Sprinter kuni 23 reisijat\">V\u00e4ikebuss Mercedes Sprinter kuni 23 reisijat<\/option><\/select><\/span>\n\t\t\t\t<\/p>\n\t\t\t<\/div>\n\t\t<\/div>\n\t\t<div class=\"col-12 col-md-2\">\n\t\t\t<div class=\"position-relative cf-button\">\n\t\t\t\t<p><input class=\"wpcf7-form-control wpcf7-submit has-spinner pad-cf btn btn-theme w-100\" type=\"submit\" value=\"Broneeri\" \/>\n\t\t\t\t<\/p>\n\t\t\t<\/div>\n\t\t<\/div>\n\t<\/div>\n\t<p><span class=\"wpcf7-form-control-wrap\" data-name=\"acceptance-401\"><span class=\"wpcf7-form-control wpcf7-acceptance\"><span class=\"wpcf7-list-item\"><label><input type=\"checkbox\" name=\"acceptance-401\" value=\"1\" aria-invalid=\"false\" \/><span class=\"wpcf7-list-item-label\">Kinnitan, et olen tutvunud ja n\u00f5ustun  <a href=\".. \/terms-of-use\/\"><b>kasutustingimustega<\/a><\/b><\/span><\/label><\/span><\/span><\/span>\n\t<\/p>\n<\/div><div class=\"wpcf7-response-output\" aria-hidden=\"true\"><\/div>\n<\/form>\n<\/div>\n<\/div>\n\t\t\t\t<\/div>\n\t\t\t\t<\/div>\n\t\t\t\t<\/div>\n\t\t<div class=\"elementor-element elementor-element-78477a62 e-con-full e-flex e-con e-child\" data-id=\"78477a62\" data-element_type=\"container\">\n\t\t\t\t<\/div>\n\t\t\t\t\t<\/div>\n\t\t\t\t<\/div>\n\t\t<div class=\"elementor-element elementor-element-3fe179d e-flex e-con-boxed e-con e-parent\" data-id=\"3fe179d\" data-element_type=\"container\" data-settings=\"{&quot;background_background&quot;:&quot;classic&quot;}\">\n\t\t\t\t\t<div class=\"e-con-inner\">\n\t\t<div class=\"elementor-element elementor-element-a14ec46 e-con-full e-flex e-con e-child\" data-id=\"a14ec46\" data-element_type=\"container\" data-settings=\"{&quot;background_background&quot;:&quot;classic&quot;}\">\n\t\t\t\t<div class=\"elementor-element elementor-element-7f9a7d5 elementor-widget elementor-widget-heading\" data-id=\"7f9a7d5\" data-element_type=\"widget\" data-widget_type=\"heading.default\">\n\t\t\t\t<div class=\"elementor-widget-container\">\n\t\t\t<h1 class=\"elementor-heading-title elementor-size-default\">Limusiin pulmadeks<\/h1>\t\t<\/div>\n\t\t\t\t<\/div>\n\t\t\t\t<div class=\"elementor-element elementor-element-727fb05 elementor-widget elementor-widget-text-editor\" data-id=\"727fb05\" data-element_type=\"widget\" data-widget_type=\"text-editor.default\">\n\t\t\t\t<div class=\"elementor-widget-container\">\n\t\t\t\t\t\t\t<p><strong>Luksus ja mugavus, limusiin teie pulmadeks.<\/strong><\/p>\t\t\t\t\t\t<\/div>\n\t\t\t\t<\/div>\n\t\t\t\t<div class=\"elementor-element elementor-element-720e726 elementor-widget elementor-widget-text-editor\" data-id=\"720e726\" data-element_type=\"widget\" data-widget_type=\"text-editor.default\">\n\t\t\t\t<div class=\"elementor-widget-container\">\n\t\t\t\t\t\t\t<p>Luksus ja mugavus, limusiin teie pulmadeks. Teie elus toimub k\u00f5ige t\u00e4htsam s\u00fcndmus \u2013 pulmad. Pulmadeks limusiini rentimine muudab teie pidu kauniks ja unustamatuks.<\/p><p>Pulmalimusiini rentides saate terve paketi eksklusiivseid teenuseid. Meie pakkumine sisaldab luksusliku Chrysler 300C limusiini renti 3 tunniks koos kogenud juhiga. Limusiin mahutab kuni 8 inimest. Mugav ja avar limusiini salong tagab maksimaalse naudingute s\u00f5idu ajal. Limusiinis on suurep\u00e4rane v\u00f5imalus nautida oma lemmikmuusikat, \u00fchendudes limusiini heli s\u00fcsteemiga.<\/p><p><br \/>Limusiini baar jookidega ei lase k\u00fclalistel kurvaks j\u00e4\u00e4da. Meie professionaalsest meeskonnast tuleb meeldiv boonus: valikuv\u00f5imalusena \u00fcks pudel suurep\u00e4rast \u0161ampanjat &#8211; Martini Asti v\u00f5i Prosecco. Samuti on meie k\u00fclaliste jaoks limusiini salongis \u0161ampanjaklaasid.<\/p><p>Kui soovite r\u00f5hutada oma hetke isikup\u00e4ra, kaunistame tasuta Chrysler 300C limusiini lintide ja kunstlilledega. Samuti saate iseseisvalt tellida limusiini kaunistamise teenuse, kasutades elavaid lilli, p\u00f6\u00f6rdudes Tallinna floristide poole.<\/p>\t\t\t\t\t\t<\/div>\n\t\t\t\t<\/div>\n\t\t\t\t<\/div>\n\t\t<div class=\"elementor-element elementor-element-db1e889 e-con-full e-flex e-con e-child\" data-id=\"db1e889\" data-element_type=\"container\" data-settings=\"{&quot;background_background&quot;:&quot;classic&quot;}\">\n\t\t\t\t<div class=\"elementor-element elementor-element-e2cfd6d elementor-widget elementor-widget-spacer\" data-id=\"e2cfd6d\" data-element_type=\"widget\" data-widget_type=\"spacer.default\">\n\t\t\t\t<div class=\"elementor-widget-container\">\n\t\t\t\t\t<div class=\"elementor-spacer\">\n\t\t\t<div class=\"elementor-spacer-inner\"><\/div>\n\t\t<\/div>\n\t\t\t\t<\/div>\n\t\t\t\t<\/div>\n\t\t\t\t<div class=\"elementor-element elementor-element-bc6b5de elementor-hidden-mobile elementor-invisible elementor-widget elementor-widget-image\" data-id=\"bc6b5de\" data-element_type=\"widget\" data-settings=\"{&quot;_animation&quot;:&quot;slide-left&quot;,&quot;_animation_delay&quot;:1500}\" data-widget_type=\"image.default\">\n\t\t\t\t<div class=\"elementor-widget-container\">\n\t\t\t\t\t\t\t\t\t\t\t\t\t<img loading=\"lazy\" decoding=\"async\" width=\"633\" height=\"633\" src=\"https:\/\/limu.xside.ee\/wp-content\/uploads\/2024\/07\/wedding-limu2s4.png\" class=\"attachment-large size-large wp-image-8601\" alt=\"\" srcset=\"https:\/\/limu.xside.ee\/wp-content\/uploads\/2024\/07\/wedding-limu2s4.png 633w, https:\/\/limu.xside.ee\/wp-content\/uploads\/2024\/07\/wedding-limu2s4-300x300.png 300w, https:\/\/limu.xside.ee\/wp-content\/uploads\/2024\/07\/wedding-limu2s4-150x150.png 150w, https:\/\/limu.xside.ee\/wp-content\/uploads\/2024\/07\/wedding-limu2s4-600x600.png 600w, https:\/\/limu.xside.ee\/wp-content\/uploads\/2024\/07\/wedding-limu2s4-410x410.png 410w\" sizes=\"(max-width: 633px) 100vw, 633px\" \/>\t\t\t\t\t\t\t\t\t\t\t\t\t<\/div>\n\t\t\t\t<\/div>\n\t\t\t\t<div class=\"elementor-element elementor-element-db72782 elementor-hidden-desktop elementor-hidden-tablet elementor-invisible elementor-widget elementor-widget-image\" data-id=\"db72782\" data-element_type=\"widget\" data-settings=\"{&quot;_animation&quot;:&quot;slide-up&quot;,&quot;_animation_delay&quot;:1000}\" data-widget_type=\"image.default\">\n\t\t\t\t<div class=\"elementor-widget-container\">\n\t\t\t\t\t\t\t\t\t\t\t\t\t<img loading=\"lazy\" decoding=\"async\" width=\"633\" height=\"633\" src=\"https:\/\/limu.xside.ee\/wp-content\/uploads\/2024\/07\/wedding-limu2s4.png\" class=\"attachment-large size-large wp-image-8601\" alt=\"\" srcset=\"https:\/\/limu.xside.ee\/wp-content\/uploads\/2024\/07\/wedding-limu2s4.png 633w, https:\/\/limu.xside.ee\/wp-content\/uploads\/2024\/07\/wedding-limu2s4-300x300.png 300w, https:\/\/limu.xside.ee\/wp-content\/uploads\/2024\/07\/wedding-limu2s4-150x150.png 150w, https:\/\/limu.xside.ee\/wp-content\/uploads\/2024\/07\/wedding-limu2s4-600x600.png 600w, https:\/\/limu.xside.ee\/wp-content\/uploads\/2024\/07\/wedding-limu2s4-410x410.png 410w\" sizes=\"(max-width: 633px) 100vw, 633px\" \/>\t\t\t\t\t\t\t\t\t\t\t\t\t<\/div>\n\t\t\t\t<\/div>\n\t\t\t\t<\/div>\n\t\t\t\t\t<\/div>\n\t\t\t\t<\/div>\n\t\t<div class=\"elementor-element elementor-element-efdf23b e-flex e-con-boxed e-con e-parent\" data-id=\"efdf23b\" data-element_type=\"container\" data-settings=\"{&quot;background_background&quot;:&quot;classic&quot;}\">\n\t\t\t\t\t<div class=\"e-con-inner\">\n\t\t<div class=\"elementor-element elementor-element-6f36c47 e-con-full e-flex e-con e-child\" data-id=\"6f36c47\" data-element_type=\"container\">\n\t\t<div class=\"elementor-element elementor-element-5a48a44 e-con-full e-flex e-con e-child\" data-id=\"5a48a44\" data-element_type=\"container\" data-settings=\"{&quot;background_background&quot;:&quot;classic&quot;}\">\n\t\t\t\t<div class=\"elementor-element elementor-element-a114140 elementor-widget elementor-widget-heading\" data-id=\"a114140\" data-element_type=\"widget\" data-widget_type=\"heading.default\">\n\t\t\t\t<div class=\"elementor-widget-container\">\n\t\t\t<h2 class=\"elementor-heading-title elementor-size-default\">Paketi hind<\/h2>\t\t<\/div>\n\t\t\t\t<\/div>\n\t\t\t\t<div class=\"elementor-element elementor-element-ef6eda2 elementor-widget elementor-widget-heading\" data-id=\"ef6eda2\" data-element_type=\"widget\" data-widget_type=\"heading.default\">\n\t\t\t\t<div class=\"elementor-widget-container\">\n\t\t\t<h2 class=\"elementor-heading-title elementor-size-default\">Pulmalimusiini rent<\/h2>\t\t<\/div>\n\t\t\t\t<\/div>\n\t\t\t\t<div class=\"elementor-element elementor-element-47514c9 elementor-hidden-mobile elementor-widget elementor-widget-spacer\" data-id=\"47514c9\" data-element_type=\"widget\" data-widget_type=\"spacer.default\">\n\t\t\t\t<div class=\"elementor-widget-container\">\n\t\t\t\t\t<div class=\"elementor-spacer\">\n\t\t\t<div class=\"elementor-spacer-inner\"><\/div>\n\t\t<\/div>\n\t\t\t\t<\/div>\n\t\t\t\t<\/div>\n\t\t\t\t<div class=\"elementor-element elementor-element-5556cc4 elementor-widget elementor-widget-heading\" data-id=\"5556cc4\" data-element_type=\"widget\" data-widget_type=\"heading.default\">\n\t\t\t\t<div class=\"elementor-widget-container\">\n\t\t\t<h3 class=\"elementor-heading-title elementor-size-default\">350\u20ac - 3 tundi<\/h3>\t\t<\/div>\n\t\t\t\t<\/div>\n\t\t\t\t<div class=\"elementor-element elementor-element-f59ff27 elementor-widget elementor-widget-heading\" data-id=\"f59ff27\" data-element_type=\"widget\" data-widget_type=\"heading.default\">\n\t\t\t\t<div class=\"elementor-widget-container\">\n\t\t\t<h2 class=\"elementor-heading-title elementor-size-default\">Kingituseks pudel \u0161ampanjat<\/h2>\t\t<\/div>\n\t\t\t\t<\/div>\n\t\t\t\t<\/div>\n\t\t\t\t<div class=\"elementor-element elementor-element-182848a elementor-widget elementor-widget-spacer\" data-id=\"182848a\" data-element_type=\"widget\" data-widget_type=\"spacer.default\">\n\t\t\t\t<div class=\"elementor-widget-container\">\n\t\t\t\t\t<div class=\"elementor-spacer\">\n\t\t\t<div class=\"elementor-spacer-inner\"><\/div>\n\t\t<\/div>\n\t\t\t\t<\/div>\n\t\t\t\t<\/div>\n\t\t\t\t<div class=\"elementor-element elementor-element-2548f41 elementor-hidden-mobile elementor-invisible elementor-widget elementor-widget-image\" data-id=\"2548f41\" data-element_type=\"widget\" data-settings=\"{&quot;_animation&quot;:&quot;slideInLeft&quot;}\" data-widget_type=\"image.default\">\n\t\t\t\t<div class=\"elementor-widget-container\">\n\t\t\t\t\t\t\t\t\t\t\t\t\t<img loading=\"lazy\" decoding=\"async\" width=\"660\" height=\"503\" src=\"https:\/\/limu.xside.ee\/wp-content\/uploads\/2024\/06\/wedding-limu24.png\" class=\"attachment-large size-large wp-image-6761\" alt=\"\" srcset=\"https:\/\/limu.xside.ee\/wp-content\/uploads\/2024\/06\/wedding-limu24.png 830w, https:\/\/limu.xside.ee\/wp-content\/uploads\/2024\/06\/wedding-limu24-600x458.png 600w, https:\/\/limu.xside.ee\/wp-content\/uploads\/2024\/06\/wedding-limu24-300x229.png 300w, https:\/\/limu.xside.ee\/wp-content\/uploads\/2024\/06\/wedding-limu24-768x586.png 768w\" sizes=\"(max-width: 660px) 100vw, 660px\" \/>\t\t\t\t\t\t\t\t\t\t\t\t\t<\/div>\n\t\t\t\t<\/div>\n\t\t\t\t<\/div>\n\t\t<div class=\"elementor-element elementor-element-5c78b46 e-con-full e-flex e-con e-child\" data-id=\"5c78b46\" data-element_type=\"container\">\n\t\t\t\t<div class=\"elementor-element elementor-element-d38c302 elementor-widget elementor-widget-text-editor\" data-id=\"d38c302\" data-element_type=\"widget\" data-widget_type=\"text-editor.default\">\n\t\t\t\t<div class=\"elementor-widget-container\">\n\t\t\t\t\t\t\t<p><span lang=\"et-EE\">Pulmalimusiini rendi maksumus Tallinnas on 350 eurot 3 tundi. See hind annab teile v\u00f5imaluse nautida oma t\u00e4histamise ajal meeldivat reisi ja mugavust, luues ainulaadse meeleolu ja m\u00e4lestusi.<\/span><\/p><p><span lang=\"et-EE\">Limusiini saab tellida ka teistesse Eesti linnadesse nagu Narva, P\u00e4rnu v\u00f5i Tartu v\u00f5i teistesse Eesti v\u00e4ikelinnadesse. Limusiini rentimise hind on sellisel juhul kokkuleppel. V\u00f5ite alati meiega \u00fchendust v\u00f5tta, ja meie oma poolt saame teile teha personaalse pakkumise pulmaauto rentimiseks.<\/span><\/p><p><span lang=\"et-EE\">Saame alati n\u00f5ustada ja soovitada pulmamarsruute Tallinna kaunite paikadega limusiiniga. Nagu kogemus n\u00e4itab, valivad noorpaarid suviti sageli limusiiniga Keila-Joale joa \u00e4\u00e4rde, kus saab abielu s\u00f5lmimist kinnitada ehtsa luku abil avatud skulptuuril \u201eKaks s\u00fcdant\u201c, avaldades austust populaarsele pulmatraditsioonile. Suurep\u00e4rase ja v\u00e4ga kauni sihtkohana valitakse sageli Kadrioru park, kus saab korraldada meeldej\u00e4\u00e4va fotosessiooni nii pargis kui limusiini v\u00f5i pulmaauto taustal. P\u00e4rast seda minnakse jalutusk\u00e4igule &#8220;Jaapani aeda&#8221; fotograafi ja videograafi saatel, ning &#8220;Jaapani aia&#8221; parklas ootab teid limusiin v\u00f5i pulmaauto koos meie kogenud juhiga. <\/span><\/p><p><span lang=\"et-EE\">Viimastel aegadel valivad noorpaarid sageli kaasaegse Noblessneri sadama, kuhu on mugav ja ilus s\u00f5ita luksuslikus limusiinis. Selles sadamas saab teha v\u00e4ga kauneid fotosid jahtide v\u00f5i limusiini taustal. <\/span><\/p><p><span lang=\"et-EE\">Talvel s\u00f5idetakse sageli limusiiniga Tallinna Botaanikaaeda ja Fahle kvartalisse, kus asub troopikaaed. <\/span><\/p><p><span lang=\"et-EE\">Liimusiini v\u00f5i pulmaauto marsruut ja suunad arutatakse eelnevalt meie juhiga l\u00e4bi, et teie t\u00e4htsal p\u00e4eval tooks limusiinis\u00f5it ainult naudingut.<\/span><\/p><p><span lang=\"et-EE\"> Pulmad on eriline hetk iga paari elus. Ja pulmaauto on \u00fcks t\u00e4htsamaid aspekte teie pidustuste ettevalmistamisel. <\/span><\/p><p><span lang=\"et-EE\">Soovitame usaldada see t\u00e4htis s\u00fcndmus meie professionaalse meeskonna k\u00e4tte, kes on \u00fcle 10 aasta pakkunud erinevaid autosid ja limusiine pulmade ja teiste oluliste \u00fcrituste jaoks.<\/span><\/p>\t\t\t\t\t\t<\/div>\n\t\t\t\t<\/div>\n\t\t\t\t<div class=\"elementor-element elementor-element-dace9c0 elementor-widget elementor-widget-text-editor\" data-id=\"dace9c0\" data-element_type=\"widget\" data-widget_type=\"text-editor.default\">\n\t\t\t\t<div class=\"elementor-widget-container\">\n\t\t\t\t\t\t\t<p style=\"text-align: center;\"><a id=\"\" class=\"ads-foot-call\" href=\"tel:+37256667240\"><img decoding=\"async\" class=\"btn-foot-ads\" role=\"img\" src=\"https:\/\/limu.xside.ee\/wp-content\/uploads\/2024\/09\/call-white.svg\" \/> <span style=\"color: #ffffff;\">+372 56667240<\/span><\/a> <a id=\"\" class=\"ads-foot-book\" href=\"\/et\/booking\/\"><img decoding=\"async\" class=\"btn-foot-ads\" role=\"img\" src=\"https:\/\/limu.xside.ee\/wp-content\/uploads\/2024\/09\/book-white.svg\" \/><span style=\"color: #ffffff;\"> Broneeri<\/span><\/a><\/p>\t\t\t\t\t\t<\/div>\n\t\t\t\t<\/div>\n\t\t\t\t<\/div>\n\t\t\t\t\t<\/div>\n\t\t\t\t<\/div>\n\t\t\t\t<\/div>\n\t\t","protected":false},"excerpt":{"rendered":"<p>Limusiin pulmadeks Luksus ja mugavus, limusiin teie pulmadeks. Luksus ja mugavus, limusiin teie pulmadeks. Teie elus toimub k\u00f5ige t\u00e4htsam s\u00fcndmus \u2013 pulmad. Pulmadeks limusiini rentimine muudab teie pidu kauniks ja unustamatuks. Pulmalimusiini rentides saate terve paketi eksklusiivseid teenuseid. Meie pakkumine sisaldab luksusliku Chrysler 300C limusiini renti 3 tunniks koos kogenud juhiga. Limusiin mahutab kuni 8 [&hellip;]<\/p>\n","protected":false},"author":1,"featured_media":0,"parent":0,"menu_order":0,"comment_status":"closed","ping_status":"closed","template":"","meta":{"inline_featured_image":false,"footnotes":""},"_links":{"self":[{"href":"https:\/\/limu.xside.ee\/et\/wp-json\/wp\/v2\/pages\/13639"}],"collection":[{"href":"https:\/\/limu.xside.ee\/et\/wp-json\/wp\/v2\/pages"}],"about":[{"href":"https:\/\/limu.xside.ee\/et\/wp-json\/wp\/v2\/types\/page"}],"author":[{"embeddable":true,"href":"https:\/\/limu.xside.ee\/et\/wp-json\/wp\/v2\/users\/1"}],"replies":[{"embeddable":true,"href":"https:\/\/limu.xside.ee\/et\/wp-json\/wp\/v2\/comments?post=13639"}],"version-history":[{"count":40,"href":"https:\/\/limu.xside.ee\/et\/wp-json\/wp\/v2\/pages\/13639\/revisions"}],"predecessor-version":[{"id":15121,"href":"https:\/\/limu.xside.ee\/et\/wp-json\/wp\/v2\/pages\/13639\/revisions\/15121"}],"wp:attachment":[{"href":"https:\/\/limu.xside.ee\/et\/wp-json\/wp\/v2\/media?parent=13639"}],"curies":[{"name":"wp","href":"https:\/\/api.w.org\/{rel}","templated":true}]}}