{"id":13598,"date":"2024-09-01T14:27:11","date_gmt":"2024-09-01T11:27:11","guid":{"rendered":"https:\/\/limu.xside.ee\/usloviya-soglasheniya\/"},"modified":"2024-11-07T07:32:51","modified_gmt":"2024-11-07T04:32:51","slug":"terms-of-use","status":"publish","type":"page","link":"https:\/\/limu.xside.ee\/et\/terms-of-use\/","title":{"rendered":"Lepingu tingimused"},"content":{"rendered":"\t\t<div data-elementor-type=\"wp-page\" data-elementor-id=\"13598\" class=\"elementor elementor-13598 elementor-11204\">\n\t\t\t\t<div class=\"elementor-element elementor-element-eb50b7e e-flex e-con-boxed e-con e-parent\" data-id=\"eb50b7e\" data-element_type=\"container\">\n\t\t\t\t\t<div class=\"e-con-inner\">\n\t\t\t\t<div class=\"elementor-element elementor-element-b64fe93 elementor-widget elementor-widget-text-editor\" data-id=\"b64fe93\" data-element_type=\"widget\" data-widget_type=\"text-editor.default\">\n\t\t\t\t<div class=\"elementor-widget-container\">\n\t\t\t\t\t\t\t<p class=\"p1\"><b>Limusiinide ja tarbes\u00f5idukite kasutamise reeglid:<\/b><\/p><ul class=\"ul1\"><li class=\"li2\"><span class=\"s2\">Broneeringut peetakse kinnitatuks p\u00e4rast ettemaksu saamist. Ettemaks tasutakse panga\u00fclekandega v\u00f5i sularahas. Kui t\u00fchistate broneeringu v\u00e4hem kui 24 tundi enne tellimuse esitamist, ettemaksu ei tagastata. Enne reisi algust peab kogu summa olema makstud.<\/span><\/li><li class=\"li2\"><span class=\"s2\">Tellija vastutab auto kahjustamise eest. Auto sisepinna kahjustamise korral h\u00fcvitab tellija kahjustatud eseme (iste, varustus, klaasid 20 eurot \/ 1 tk) maksumuse.<br \/>Limusiini v\u00f5i tarbes\u00f5iduki salongi tugeval saastumisel tasub klient trahvi keemilise puhastuse kulud ulatuses 200 eurot. Kliendil on \u00f5igus enne reisi algust kontrollida s\u00f5iduki salongi puhtust.<\/span><\/li><li class=\"li2\"><span class=\"s2\">Enne limusiini reisi algust lepitakse kokku marsruut ja tellimuse kestus (aeg). Iga t\u00e4iendava 15 minuti eest tasutakse 120 eurot nagu t\u00e4istunni eest.<\/span><\/li><li class=\"li2\"><span class=\"s2\">Limusiinist klaaside v\u00f5tmine toimub ainult juhi n\u00f5usolekul.<\/span><\/li><li class=\"li2\"><span class=\"s2\">Limusiini v\u00f5i tarbes\u00f5iduki juhil on \u00f5igus reis varakult katkestada, kui kliendid on tugevas joobes.<\/span><\/li><li class=\"li2\"><span class=\"s2\">Reisijatega limusiini s\u00f5idukiirus linna peal ei \u00fcleta 40 km\/h, maanteel ei \u00fcleta 65 km\/h.<\/span><\/li><li class=\"li2\"><span class=\"s2\">Iga auto v\u00f5ib teel \u00f5nnetusse sattuda v\u00f5i katki minna. Sel juhul tagastatakse kliendile kasutamata aja eest summa.<\/span><\/li><\/ul><p class=\"p3\"><b>Pulmapaketid:\u00a0<\/b><\/p><p class=\"p4\"><b>NB! <\/b>Pulmapakette ei broneerita ilma 100% ettemaksuta!<\/p><p class=\"p3\"><b>Meie autodes on keelatud:<\/b><\/p><ul class=\"ul1\"><li class=\"li2\"><span class=\"s2\">Suitsetamine salongis.<\/span><\/li><li class=\"li2\"><span class=\"s2\">Avatud tule kasutamine autos ja selle l\u00e4heduses.<\/span><\/li><li class=\"li2\"><span class=\"s2\">Narkootiliste ainete tarbimine.<\/span><\/li><li class=\"li2\"><span class=\"s2\">Salongis juukselakki, parf\u00fc\u00fcmi, deodoranti ja muude lenduvate ainete pihustamine, millel on spetsiifiline l\u00f5hn.<\/span><\/li><li class=\"li2\"><span class=\"s2\">J\u00e4tta 12-aastased ja nooremad lapsed autodesse j\u00e4rel valveta.<\/span><\/li><li class=\"li2\"><span class=\"s2\">Reisi ajal ei tohi aknast v\u00e4ljas olla k\u00e4ed, jalad ja muud kehaosad.<\/span><\/li><li class=\"li2\"><span class=\"s2\">Aknast v\u00e4lja pr\u00fcgi v\u00f5i erinevaid esemeid visata.<\/span><\/li><li class=\"li2\"><span class=\"s2\">Sundida juhti rikkuma liiklusreegleid.<\/span><\/li><\/ul><p>NB! Meie ettev\u00f5te ei vastuta transpordis unustatud pagasi ja isiklike asjade eest. Siiski toimetab juht unustatud esemed meie kontorisse aadressil Rohuneeme tee \u00bc, Viimsi. Sel juhul v\u00f5ite tulla meie kontorisse oma asjadele j\u00e4rgi. Kui soovite, et me toimetaksime asjad, v\u00f5ime selle eest k\u00fcsida lisatasu.<\/p>\t\t\t\t\t\t<\/div>\n\t\t\t\t<\/div>\n\t\t\t\t\t<\/div>\n\t\t\t\t<\/div>\n\t\t\t\t<\/div>\n\t\t","protected":false},"excerpt":{"rendered":"<p>Limusiinide ja tarbes\u00f5idukite kasutamise reeglid: Broneeringut peetakse kinnitatuks p\u00e4rast ettemaksu saamist. Ettemaks tasutakse panga\u00fclekandega v\u00f5i sularahas. Kui t\u00fchistate broneeringu v\u00e4hem kui 24 tundi enne tellimuse esitamist, ettemaksu ei tagastata. Enne reisi algust peab kogu summa olema makstud. Tellija vastutab auto kahjustamise eest. Auto sisepinna kahjustamise korral h\u00fcvitab tellija kahjustatud eseme (iste, varustus, klaasid 20 eurot [&hellip;]<\/p>\n","protected":false},"author":1,"featured_media":0,"parent":0,"menu_order":0,"comment_status":"closed","ping_status":"closed","template":"","meta":{"inline_featured_image":false,"footnotes":""},"_links":{"self":[{"href":"https:\/\/limu.xside.ee\/et\/wp-json\/wp\/v2\/pages\/13598"}],"collection":[{"href":"https:\/\/limu.xside.ee\/et\/wp-json\/wp\/v2\/pages"}],"about":[{"href":"https:\/\/limu.xside.ee\/et\/wp-json\/wp\/v2\/types\/page"}],"author":[{"embeddable":true,"href":"https:\/\/limu.xside.ee\/et\/wp-json\/wp\/v2\/users\/1"}],"replies":[{"embeddable":true,"href":"https:\/\/limu.xside.ee\/et\/wp-json\/wp\/v2\/comments?post=13598"}],"version-history":[{"count":16,"href":"https:\/\/limu.xside.ee\/et\/wp-json\/wp\/v2\/pages\/13598\/revisions"}],"predecessor-version":[{"id":14124,"href":"https:\/\/limu.xside.ee\/et\/wp-json\/wp\/v2\/pages\/13598\/revisions\/14124"}],"wp:attachment":[{"href":"https:\/\/limu.xside.ee\/et\/wp-json\/wp\/v2\/media?parent=13598"}],"curies":[{"name":"wp","href":"https:\/\/api.w.org\/{rel}","templated":true}]}}